{"id":1144,"date":"2025-03-23T18:33:02","date_gmt":"2025-03-23T17:33:02","guid":{"rendered":"https:\/\/osteo-cyrielle.com\/?page_id=1144"},"modified":"2026-03-30T17:50:16","modified_gmt":"2026-03-30T15:50:16","slug":"accueil","status":"publish","type":"page","link":"https:\/\/osteo-cyrielle.com\/en\/","title":{"rendered":"Home"},"content":{"rendered":"<div class=\"wp-block-cover has-parallax\"><span aria-hidden=\"true\" class=\"wp-block-cover__background has-background-dim\" style=\"background-color:#7d8277\"><\/span><div class=\"wp-block-cover__image-background wp-image-1452 has-parallax\" style=\"background-position:50% 50%;background-image:url(https:\/\/osteo-cyrielle.com\/wp-content\/uploads\/2025\/04\/pexels-pok-rie-33563-268261-1-scaled.jpg)\"><\/div><div class=\"wp-block-cover__inner-container has-global-padding is-layout-constrained wp-block-cover-is-layout-constrained\">\n<p class=\"has-text-align-center has-large-font-size\">Home<\/p>\n<\/div><\/div>\n\n\n\n<div class=\"wp-block-group alignfull has-global-padding is-layout-constrained wp-container-core-group-is-layout-8 wp-block-group-is-layout-constrained\" style=\"padding-right:20px;padding-left:20px\">\n<div class=\"wp-block-group has-global-padding is-layout-constrained wp-container-core-group-is-layout-2 wp-block-group-is-layout-constrained\">\n<div style=\"height:45px\" aria-hidden=\"true\" class=\"wp-block-spacer\"><\/div>\n\n\n\n<h1 class=\"wp-block-heading has-text-align-center has-custom-color-2-color has-text-color has-link-color wp-elements-552bfb08e6e559fd3b6938cc488886b5\">Osteopathy practice<\/h1>\n\n\n\n<div class=\"wp-block-group has-global-padding is-layout-constrained wp-block-group-is-layout-constrained\">\n<div style=\"height:45px\" aria-hidden=\"true\" class=\"wp-block-spacer\"><\/div>\n\n\n\n<div class=\"wp-block-buttons is-content-justification-center is-layout-flex wp-container-core-buttons-is-layout-1 wp-block-buttons-is-layout-flex\">\n<div class=\"wp-block-button\"><a class=\"wp-block-button__link wp-element-button\" href=\"https:\/\/www.doctolib.fr\/osteopathe\/biarritz\/cyrielle-maire\" target=\"_blank\" rel=\"noreferrer noopener\">Book an appointment<\/a><\/div>\n<\/div>\n\n\n\n<div style=\"height:10px\" aria-hidden=\"true\" class=\"wp-block-spacer\"><\/div>\n\n\n\n<p class=\"has-text-align-center\"><\/p>\n\n\n\n<div style=\"height:45px\" aria-hidden=\"true\" class=\"wp-block-spacer\"><\/div>\n<\/div>\n\n\n\n<hr class=\"wp-block-separator has-alpha-channel-opacity\"\/>\n\n\n\n<div style=\"height:50px\" aria-hidden=\"true\" class=\"wp-block-spacer\"><\/div>\n\n\n\n<h2 class=\"wp-block-heading has-text-align-center is-style-default has-custom-color-3-color has-text-color has-link-color wp-elements-d3e80c8014516418fb7ecb2e08317547\">Your osteopath<\/h2>\n\n\n\n<div style=\"height:50px\" aria-hidden=\"true\" class=\"wp-block-spacer\"><\/div>\n<\/div>\n\n\n\n<div class=\"wp-block-group alignwide has-global-padding is-layout-constrained wp-container-core-group-is-layout-6 wp-block-group-is-layout-constrained\">\n<div class=\"wp-block-columns alignwide are-vertically-aligned-top is-layout-flex wp-container-core-columns-is-layout-1 wp-block-columns-is-layout-flex\">\n<div class=\"wp-block-column is-vertically-aligned-top is-layout-flow wp-block-column-is-layout-flow\" style=\"flex-basis:33.33%\">\n<figure class=\"wp-block-image size-full is-style-default wp-duotone-unset-1\" style=\"margin-top:0;margin-bottom:0\"><img fetchpriority=\"high\" decoding=\"async\" width=\"782\" height=\"1115\" src=\"https:\/\/osteo-cyrielle.com\/wp-content\/uploads\/2025\/04\/954229b1-8af5-4c31-9cee-6f4a52e47b83.jpg\" alt=\"\" class=\"wp-image-1475\" style=\"aspect-ratio:3\/4;object-fit:cover\" srcset=\"https:\/\/osteo-cyrielle.com\/wp-content\/uploads\/2025\/04\/954229b1-8af5-4c31-9cee-6f4a52e47b83.jpg 782w, https:\/\/osteo-cyrielle.com\/wp-content\/uploads\/2025\/04\/954229b1-8af5-4c31-9cee-6f4a52e47b83-210x300.jpg 210w, https:\/\/osteo-cyrielle.com\/wp-content\/uploads\/2025\/04\/954229b1-8af5-4c31-9cee-6f4a52e47b83-757x1080.jpg 757w, https:\/\/osteo-cyrielle.com\/wp-content\/uploads\/2025\/04\/954229b1-8af5-4c31-9cee-6f4a52e47b83-768x1095.jpg 768w\" sizes=\"(max-width: 782px) 100vw, 782px\" \/><\/figure>\n<\/div>\n\n\n\n<div class=\"wp-block-column is-vertically-aligned-top is-layout-flow wp-block-column-is-layout-flow\" style=\"flex-basis:66.66%\">\n<div class=\"wp-block-group has-accent-1-background-color has-background has-global-padding is-layout-constrained wp-container-core-group-is-layout-3 wp-block-group-is-layout-constrained\" style=\"border-radius:15px;padding-top:0px;padding-right:var(--wp--preset--spacing--50);padding-bottom:20px;padding-left:var(--wp--preset--spacing--50)\">\n<p class=\"has-accent-4-color has-text-color has-link-color wp-elements-9686597c4528d921855bf47804103127\" style=\"padding-top:0;padding-right:0;padding-bottom:0;padding-left:0;font-style:normal;font-weight:100\"><i>2010\/2015 - Graduate in osteopathy D.O.,&nbsp;<a href=\"https:\/\/www.ceesolyon.com\" target=\"_blank\" rel=\"noreferrer noopener\">CEESO Lyon<\/a> <br>2018\/2019 - Clinical supervisor, <a href=\"https:\/\/www.cliniqueosteopathielaval.ca\" target=\"_blank\" rel=\"noreferrer noopener\">AOM<\/a><\/i> <br><i>2020\/2022 - Teacher and supervisor, <a href=\"https:\/\/iob-bordeaux.com\/\" target=\"_blank\" rel=\"noreferrer noopener\">IOB<\/a> and <a href=\"https:\/\/www.ecom-osteopathy.com\/\" target=\"_blank\" rel=\"noreferrer noopener\">ECOM<\/a><\/i><\/p>\n<\/div>\n\n\n\n<div class=\"wp-block-group has-global-padding is-layout-constrained wp-block-group-is-layout-constrained\">\n<p>After completing a five-year osteopathy program in the French school <a href=\"https:\/\/www.ceesolyon.com\" target=\"_blank\" rel=\"noreferrer noopener\">CEESO Lyon<\/a>, Cyrielle worked for two years in an osteopathy clinic in Charente-Maritime, region of France. She then traveled to South America as part of an osteopathy volunteer mission, before settling in Montreal for a few years.<\/p>\n\n\n\n<p><\/p>\n<\/div>\n\n\n\n<div style=\"height:15px\" aria-hidden=\"true\" class=\"wp-block-spacer\"><\/div>\n\n\n\n<div class=\"wp-block-group has-global-padding is-layout-constrained wp-block-group-is-layout-constrained\">\n<p>Passionate about understanding human beings and life itself, listening and sharing are at the heart of Cyrielle's interactions.<br>Adapting to your needs, her osteopathic practice is a global view of the human body, based on the mechanical and functional connections within anatomy and physiology. This vision is combined with a holistic approach and a sensitivity to traditional medicine.<\/p>\n\n\n\n<div style=\"height:15px\" aria-hidden=\"true\" class=\"wp-block-spacer\"><\/div>\n\n\n\n<p><\/p>\n\n\n\n<p>Always driven by a desire to share and pass on knowledge around these subjects, Cyrielle first worked as a clinical supervisor at the school \u00b7<a href=\"https:\/\/www.cliniqueosteopathielaval.ca\" target=\"_blank\" rel=\"noreferrer noopener\">AOM<\/a> in Montreal ; she then went on\u00a0to become a teacher and clinical supervisor at the&nbsp;<a href=\"https:\/\/iob-bordeaux.com\/\" target=\"_blank\" rel=\"noreferrer noopener\">International Institute of Osteopathy in Bordeaux<\/a>&nbsp;; as well as at the Swedish school of Alings\u00e5s,&nbsp;<a href=\"https:\/\/www.ecom-osteopathy.com\/\" target=\"_blank\" rel=\"noreferrer noopener\">ECOM<\/a>.<\/p>\n\n\n\n<p>Choosing a gentle and precise osteopathic approach, she is comfortable with all types of consultations.<\/p>\n\n\n\n<p><\/p>\n\n\n\n<div style=\"height:15px\" aria-hidden=\"true\" class=\"wp-block-spacer\"><\/div>\n\n\n\n<p>Currently training in yoga therapy, Cyrielle integrates a body-breath-mind perspective and uses her knowledge to offer you personalized care and advice.<br><\/p>\n\n\n\n<div style=\"height:25px\" aria-hidden=\"true\" class=\"wp-block-spacer\"><\/div>\n\n\n\n<p><\/p>\n<\/div>\n\n\n\n<ul class=\"wp-block-list is-style-default\">\n<li><a href=\"https:\/\/osteo-cyrielle.com\/en\/osteopathie\/\">Osteo-what-now ?<\/a><\/li>\n\n\n\n<li><a href=\"https:\/\/osteo-cyrielle.com\/en\/osteopathie\/#formations\">My specialist training<\/a><\/li>\n<\/ul>\n<\/div>\n<\/div>\n\n\n\n<div style=\"height:50px\" aria-hidden=\"true\" class=\"wp-block-spacer\"><\/div>\n<\/div>\n\n\n\n<div class=\"wp-block-group alignfull has-global-padding is-layout-constrained wp-container-core-group-is-layout-7 wp-block-group-is-layout-constrained\" style=\"padding-top:0;padding-right:var(--wp--preset--spacing--50);padding-bottom:0;padding-left:var(--wp--preset--spacing--50)\">\n<hr class=\"wp-block-separator has-alpha-channel-opacity\"\/>\n\n\n\n<div style=\"height:50px\" aria-hidden=\"true\" class=\"wp-block-spacer\"><\/div>\n\n\n\n<h2 class=\"wp-block-heading has-text-align-center has-custom-color-3-color has-text-color has-link-color wp-elements-d64ee9e12e7f073d4d2831ed69a5d95f\" style=\"margin-top:0;margin-bottom:var(--wp--preset--spacing--60)\">Consultations<\/h2>\n\n\n\n<figure class=\"wp-block-image aligncenter is-resized is-style-default wp-duotone-unset-2\"><img decoding=\"async\" width=\"894\" height=\"810\" src=\"https:\/\/osteo-cyrielle.com\/wp-content\/uploads\/2025\/03\/51MBHM5qRRL._AC_UF8941000_QL80_.jpg\" alt=\"\" class=\"wp-image-1053\" style=\"width:88px;height:auto\" srcset=\"https:\/\/osteo-cyrielle.com\/wp-content\/uploads\/2025\/03\/51MBHM5qRRL._AC_UF8941000_QL80_.jpg 894w, https:\/\/osteo-cyrielle.com\/wp-content\/uploads\/2025\/03\/51MBHM5qRRL._AC_UF8941000_QL80_-300x272.jpg 300w, https:\/\/osteo-cyrielle.com\/wp-content\/uploads\/2025\/03\/51MBHM5qRRL._AC_UF8941000_QL80_-768x696.jpg 768w\" sizes=\"(max-width: 894px) 100vw, 894px\" \/><\/figure>\n\n\n\n<div style=\"height:75px\" aria-hidden=\"true\" class=\"wp-block-spacer\"><\/div>\n\n\n\n<p class=\"has-text-align-center\">Consultations can be provided in <span style=\"text-decoration: underline;\">French<\/span>, in <span style=\"text-decoration: underline;\">English<\/span> or in <span style=\"text-decoration: underline;\">Spanish<\/span>. <\/p>\n\n\n\n<div style=\"height:50px\" aria-hidden=\"true\" class=\"wp-block-spacer\"><\/div>\n\n\n\n<div class=\"wp-block-columns is-layout-flex wp-container-core-columns-is-layout-2 wp-block-columns-is-layout-flex\">\n<div class=\"wp-block-column is-vertically-aligned-stretch has-base-background-color has-background is-layout-flow wp-block-column-is-layout-flow\" style=\"border-radius:10px;padding-top:var(--wp--preset--spacing--40);padding-right:var(--wp--preset--spacing--40);padding-bottom:var(--wp--preset--spacing--40);padding-left:var(--wp--preset--spacing--40);box-shadow:var(--wp--preset--shadow--sharp)\">\n<h3 class=\"wp-block-heading has-text-align-center\"><strong>The practice<\/strong><\/h3>\n\n\n\n<div style=\"height:var(--wp--preset--spacing--30)\" aria-hidden=\"true\" class=\"wp-block-spacer\"><\/div>\n\n\n\n<ul class=\"wp-block-list\">\n<li>Book your appointment online on the <a href=\"https:\/\/www.doctolib.fr\/osteopathe\/biarritz\/cyrielle-maire\">Doctolib page<\/a><\/li>\n\n\n\n<li>Paris 10e : <a href=\"https:\/\/www.google.com\/maps\/place\/\/data=!4m2!3m1!1s0x47e67af56d2884e1:0xf4d562a8defc0d34?sa=X&amp;ved=1t:8290&amp;ictx=111\">39 Bd Saint-Martin<\/a>, at the practice of Hugues Farcot D.O.<\/li>\n<\/ul>\n\n\n\n<div class=\"wp-block-buttons is-content-justification-center is-layout-flex wp-container-core-buttons-is-layout-2 wp-block-buttons-is-layout-flex\" style=\"padding-top:var(--wp--preset--spacing--40)\">\n<div class=\"wp-block-button\"><a class=\"wp-block-button__link wp-element-button\" href=\"https:\/\/www.doctolib.fr\/osteopathe\/biarritz\/cyrielle-maire\" target=\"_blank\" rel=\"noreferrer noopener\">Book an appointment<\/a><\/div>\n<\/div>\n<\/div>\n\n\n\n<div class=\"wp-block-column is-vertically-aligned-stretch has-base-background-color has-background is-layout-flow wp-block-column-is-layout-flow\" style=\"border-radius:10px;padding-top:var(--wp--preset--spacing--40);padding-right:var(--wp--preset--spacing--40);padding-bottom:var(--wp--preset--spacing--40);padding-left:var(--wp--preset--spacing--40);box-shadow:var(--wp--preset--shadow--sharp)\">\n<h3 class=\"wp-block-heading has-text-align-center\"><strong>Emergency<\/strong><\/h3>\n\n\n\n<div style=\"height:20px\" aria-hidden=\"true\" class=\"wp-block-spacer\"><\/div>\n\n\n\n<ul class=\"wp-block-list\">\n<li>House call<\/li>\n\n\n\n<li>Consultations on sundays and holidays<\/li>\n\n\n\n<li>Or any consultation demand<\/li>\n<\/ul>\n\n\n\n<div class=\"wp-block-buttons is-content-justification-center is-layout-flex wp-container-core-buttons-is-layout-3 wp-block-buttons-is-layout-flex\" style=\"padding-top:var(--wp--preset--spacing--40);padding-bottom:0\">\n<div class=\"wp-block-button\"><a class=\"wp-block-button__link wp-element-button\" href=\"https:\/\/osteo-cyrielle.com\/en\/informations-utiles\/#ancre-contact\">Contact me<\/a><\/div>\n<\/div>\n<\/div>\n<\/div>\n\n\n\n<div style=\"height:100px\" aria-hidden=\"true\" class=\"wp-block-spacer\"><\/div>\n<\/div>\n<\/div>\n\n\n\n<div class=\"wp-block-cover has-parallax\" style=\"margin-top:0;margin-bottom:0\"><span aria-hidden=\"true\" class=\"wp-block-cover__background has-background-dim\" style=\"background-color:#7d8277\"><\/span><div class=\"wp-block-cover__image-background wp-image-1452 has-parallax\" style=\"background-position:50% 50%;background-image:url(https:\/\/osteo-cyrielle.com\/wp-content\/uploads\/2025\/04\/pexels-pok-rie-33563-268261-1-scaled.jpg)\"><\/div><div class=\"wp-block-cover__inner-container has-global-padding is-layout-constrained wp-block-cover-is-layout-constrained\">\n<h2 class=\"wp-block-heading has-text-align-center\" style=\"margin-bottom:var(--wp--preset--spacing--30)\">Book an appointment<\/h2>\n\n\n\n<div class=\"wp-block-buttons is-content-justification-center is-layout-flex wp-container-core-buttons-is-layout-4 wp-block-buttons-is-layout-flex\">\n<div class=\"wp-block-button\"><a class=\"wp-block-button__link wp-element-button\" href=\"https:\/\/www.doctolib.fr\/osteopathe\/biarritz\/cyrielle-maire\" target=\"_blank\" rel=\"noreferrer noopener\">Book an appointment<\/a><\/div>\n<\/div>\n\n\n\n<p class=\"has-text-align-center\"><\/p>\n<\/div><\/div>\n\n\n\n<p><\/p>","protected":false},"excerpt":{"rendered":"<p>Cabinet d&rsquo;ost\u00e9opathie Votre ost\u00e9opathe 2010\/2015 &#8211; Dipl\u00f4m\u00e9e en ost\u00e9opathie D.O.,&nbsp;CEESO Lyon 2018\/2019 &#8211; Superviseure clinique, AOM 2020\/2022 &#8211; Enseignante et superviseure, IOB et ECOM Apr\u00e8s une formation en ost\u00e9opathie de cinq ans au CEESO Lyon, Cyrielle a travaill\u00e9 deux ann\u00e9es dans un cabinet d&rsquo;ost\u00e9opathie en Charente Maritime. Elle est ensuite partie en Am\u00e9rique du Sud [&hellip;]<\/p>","protected":false},"author":3,"featured_media":0,"parent":0,"menu_order":0,"comment_status":"closed","ping_status":"closed","template":"","meta":{"footnotes":""},"class_list":["post-1144","page","type-page","status-publish","hentry"],"yoast_head":"<!-- This site is optimized with the Yoast SEO plugin v26.8 - https:\/\/yoast.com\/product\/yoast-seo-wordpress\/ -->\n<title>Accueil - Cyrielle Maire Ost\u00e9opathe<\/title>\n<meta name=\"description\" content=\"Ost\u00e9opathe \u00e0 Paris 10e, vers R\u00e9publique - Dipl\u00f4m\u00e9e en ost\u00e9opathie D.O. du CEESO Lyon ; superviseure et enseignante \u00e0 Montr\u00e9al, Bordeaux et en Su\u00e8de. Prise de RDV en ligne.\" \/>\n<meta name=\"robots\" content=\"index, follow, max-snippet:-1, max-image-preview:large, max-video-preview:-1\" \/>\n<link rel=\"canonical\" href=\"https:\/\/osteo-cyrielle.com\/en\/\" \/>\n<meta property=\"og:locale\" content=\"en_US\" \/>\n<meta property=\"og:type\" content=\"article\" \/>\n<meta property=\"og:title\" content=\"Accueil - Cyrielle Maire Ost\u00e9opathe\" \/>\n<meta property=\"og:description\" content=\"Ost\u00e9opathe \u00e0 Paris 10e, vers R\u00e9publique - Dipl\u00f4m\u00e9e en ost\u00e9opathie D.O. du CEESO Lyon ; superviseure et enseignante \u00e0 Montr\u00e9al, Bordeaux et en Su\u00e8de. Prise de RDV en ligne.\" \/>\n<meta property=\"og:url\" content=\"https:\/\/osteo-cyrielle.com\/en\/\" \/>\n<meta property=\"og:site_name\" content=\"Cyrielle Maire Ost\u00e9opathe\" \/>\n<meta property=\"article:modified_time\" content=\"2026-03-30T15:50:16+00:00\" \/>\n<meta property=\"og:image\" content=\"https:\/\/osteo-cyrielle.com\/wp-content\/uploads\/2025\/04\/954229b1-8af5-4c31-9cee-6f4a52e47b83.jpg\" \/>\n\t<meta property=\"og:image:width\" content=\"782\" \/>\n\t<meta property=\"og:image:height\" content=\"1115\" \/>\n\t<meta property=\"og:image:type\" content=\"image\/jpeg\" \/>\n<meta name=\"twitter:card\" content=\"summary_large_image\" \/>\n<meta name=\"twitter:label1\" content=\"Est. reading time\" \/>\n\t<meta name=\"twitter:data1\" content=\"2 minutes\" \/>\n<script type=\"application\/ld+json\" class=\"yoast-schema-graph\">{\"@context\":\"https:\/\/schema.org\",\"@graph\":[{\"@type\":\"WebPage\",\"@id\":\"https:\/\/osteo-cyrielle.com\/\",\"url\":\"https:\/\/osteo-cyrielle.com\/\",\"name\":\"Accueil - Cyrielle Maire Ost\u00e9opathe\",\"isPartOf\":{\"@id\":\"https:\/\/osteo-cyrielle.com\/#website\"},\"primaryImageOfPage\":{\"@id\":\"https:\/\/osteo-cyrielle.com\/#primaryimage\"},\"image\":{\"@id\":\"https:\/\/osteo-cyrielle.com\/#primaryimage\"},\"thumbnailUrl\":\"https:\/\/osteo-cyrielle.com\/wp-content\/uploads\/2025\/04\/954229b1-8af5-4c31-9cee-6f4a52e47b83.jpg\",\"datePublished\":\"2025-03-23T17:33:02+00:00\",\"dateModified\":\"2026-03-30T15:50:16+00:00\",\"description\":\"Ost\u00e9opathe \u00e0 Paris 10e, vers R\u00e9publique - Dipl\u00f4m\u00e9e en ost\u00e9opathie D.O. du CEESO Lyon ; superviseure et enseignante \u00e0 Montr\u00e9al, Bordeaux et en Su\u00e8de. Prise de RDV en ligne.\",\"breadcrumb\":{\"@id\":\"https:\/\/osteo-cyrielle.com\/#breadcrumb\"},\"inLanguage\":\"en-CA\",\"potentialAction\":[{\"@type\":\"ReadAction\",\"target\":[\"https:\/\/osteo-cyrielle.com\/\"]}]},{\"@type\":\"ImageObject\",\"inLanguage\":\"en-CA\",\"@id\":\"https:\/\/osteo-cyrielle.com\/#primaryimage\",\"url\":\"https:\/\/osteo-cyrielle.com\/wp-content\/uploads\/2025\/04\/954229b1-8af5-4c31-9cee-6f4a52e47b83.jpg\",\"contentUrl\":\"https:\/\/osteo-cyrielle.com\/wp-content\/uploads\/2025\/04\/954229b1-8af5-4c31-9cee-6f4a52e47b83.jpg\"},{\"@type\":\"BreadcrumbList\",\"@id\":\"https:\/\/osteo-cyrielle.com\/#breadcrumb\",\"itemListElement\":[{\"@type\":\"ListItem\",\"position\":1,\"name\":\"Accueil\",\"item\":\"https:\/\/osteo-cyrielle.com\/\"},{\"@type\":\"ListItem\",\"position\":2,\"name\":\"Accueil\"}]},{\"@type\":\"WebSite\",\"@id\":\"https:\/\/osteo-cyrielle.com\/#website\",\"url\":\"https:\/\/osteo-cyrielle.com\/\",\"name\":\"Cyrielle Maire Ost\u00e9opathe\",\"description\":\"Ost\u00e9opathe \u00e0 Paris 10e\",\"potentialAction\":[{\"@type\":\"SearchAction\",\"target\":{\"@type\":\"EntryPoint\",\"urlTemplate\":\"https:\/\/osteo-cyrielle.com\/?s={search_term_string}\"},\"query-input\":{\"@type\":\"PropertyValueSpecification\",\"valueRequired\":true,\"valueName\":\"search_term_string\"}}],\"inLanguage\":\"en-CA\"}]}<\/script>\n<!-- \/ Yoast SEO plugin. -->","yoast_head_json":{"title":"Accueil - Cyrielle Maire Ost\u00e9opathe","description":"Ost\u00e9opathe \u00e0 Paris 10e, vers R\u00e9publique - Dipl\u00f4m\u00e9e en ost\u00e9opathie D.O. du CEESO Lyon ; superviseure et enseignante \u00e0 Montr\u00e9al, Bordeaux et en Su\u00e8de. Prise de RDV en ligne.","robots":{"index":"index","follow":"follow","max-snippet":"max-snippet:-1","max-image-preview":"max-image-preview:large","max-video-preview":"max-video-preview:-1"},"canonical":"https:\/\/osteo-cyrielle.com\/en\/","og_locale":"en_US","og_type":"article","og_title":"Accueil - Cyrielle Maire Ost\u00e9opathe","og_description":"Ost\u00e9opathe \u00e0 Paris 10e, vers R\u00e9publique - Dipl\u00f4m\u00e9e en ost\u00e9opathie D.O. du CEESO Lyon ; superviseure et enseignante \u00e0 Montr\u00e9al, Bordeaux et en Su\u00e8de. Prise de RDV en ligne.","og_url":"https:\/\/osteo-cyrielle.com\/en\/","og_site_name":"Cyrielle Maire Ost\u00e9opathe","article_modified_time":"2026-03-30T15:50:16+00:00","og_image":[{"width":782,"height":1115,"url":"https:\/\/osteo-cyrielle.com\/wp-content\/uploads\/2025\/04\/954229b1-8af5-4c31-9cee-6f4a52e47b83.jpg","type":"image\/jpeg"}],"twitter_card":"summary_large_image","twitter_misc":{"Est. reading time":"2 minutes"},"schema":{"@context":"https:\/\/schema.org","@graph":[{"@type":"WebPage","@id":"https:\/\/osteo-cyrielle.com\/","url":"https:\/\/osteo-cyrielle.com\/","name":"Accueil - Cyrielle Maire Ost\u00e9opathe","isPartOf":{"@id":"https:\/\/osteo-cyrielle.com\/#website"},"primaryImageOfPage":{"@id":"https:\/\/osteo-cyrielle.com\/#primaryimage"},"image":{"@id":"https:\/\/osteo-cyrielle.com\/#primaryimage"},"thumbnailUrl":"https:\/\/osteo-cyrielle.com\/wp-content\/uploads\/2025\/04\/954229b1-8af5-4c31-9cee-6f4a52e47b83.jpg","datePublished":"2025-03-23T17:33:02+00:00","dateModified":"2026-03-30T15:50:16+00:00","description":"Ost\u00e9opathe \u00e0 Paris 10e, vers R\u00e9publique - Dipl\u00f4m\u00e9e en ost\u00e9opathie D.O. du CEESO Lyon ; superviseure et enseignante \u00e0 Montr\u00e9al, Bordeaux et en Su\u00e8de. Prise de RDV en ligne.","breadcrumb":{"@id":"https:\/\/osteo-cyrielle.com\/#breadcrumb"},"inLanguage":"en-CA","potentialAction":[{"@type":"ReadAction","target":["https:\/\/osteo-cyrielle.com\/"]}]},{"@type":"ImageObject","inLanguage":"en-CA","@id":"https:\/\/osteo-cyrielle.com\/#primaryimage","url":"https:\/\/osteo-cyrielle.com\/wp-content\/uploads\/2025\/04\/954229b1-8af5-4c31-9cee-6f4a52e47b83.jpg","contentUrl":"https:\/\/osteo-cyrielle.com\/wp-content\/uploads\/2025\/04\/954229b1-8af5-4c31-9cee-6f4a52e47b83.jpg"},{"@type":"BreadcrumbList","@id":"https:\/\/osteo-cyrielle.com\/#breadcrumb","itemListElement":[{"@type":"ListItem","position":1,"name":"Accueil","item":"https:\/\/osteo-cyrielle.com\/"},{"@type":"ListItem","position":2,"name":"Accueil"}]},{"@type":"WebSite","@id":"https:\/\/osteo-cyrielle.com\/#website","url":"https:\/\/osteo-cyrielle.com\/","name":"Cyrielle Maire Ost\u00e9opathe","description":"Ost\u00e9opathe \u00e0 Paris 10e","potentialAction":[{"@type":"SearchAction","target":{"@type":"EntryPoint","urlTemplate":"https:\/\/osteo-cyrielle.com\/?s={search_term_string}"},"query-input":{"@type":"PropertyValueSpecification","valueRequired":true,"valueName":"search_term_string"}}],"inLanguage":"en-CA"}]}},"_links":{"self":[{"href":"https:\/\/osteo-cyrielle.com\/en\/wp-json\/wp\/v2\/pages\/1144","targetHints":{"allow":["GET"]}}],"collection":[{"href":"https:\/\/osteo-cyrielle.com\/en\/wp-json\/wp\/v2\/pages"}],"about":[{"href":"https:\/\/osteo-cyrielle.com\/en\/wp-json\/wp\/v2\/types\/page"}],"author":[{"embeddable":true,"href":"https:\/\/osteo-cyrielle.com\/en\/wp-json\/wp\/v2\/users\/3"}],"replies":[{"embeddable":true,"href":"https:\/\/osteo-cyrielle.com\/en\/wp-json\/wp\/v2\/comments?post=1144"}],"version-history":[{"count":160,"href":"https:\/\/osteo-cyrielle.com\/en\/wp-json\/wp\/v2\/pages\/1144\/revisions"}],"predecessor-version":[{"id":1868,"href":"https:\/\/osteo-cyrielle.com\/en\/wp-json\/wp\/v2\/pages\/1144\/revisions\/1868"}],"wp:attachment":[{"href":"https:\/\/osteo-cyrielle.com\/en\/wp-json\/wp\/v2\/media?parent=1144"}],"curies":[{"name":"wp","href":"https:\/\/api.w.org\/{rel}","templated":true}]}}